
{"id":214,"date":"2019-02-17T08:20:23","date_gmt":"2019-02-17T07:20:23","guid":{"rendered":"http:\/\/stlanglade.fr\/?page_id=214"},"modified":"2019-08-29T12:12:08","modified_gmt":"2019-08-29T10:12:08","slug":"les-regles-de-securite","status":"publish","type":"page","link":"https:\/\/stlanglade.fr\/?page_id=214","title":{"rendered":"Les r\u00e8gles de s\u00e9curit\u00e9"},"content":{"rendered":"\n<p style=\"text-align:center\" class=\"has-text-color has-medium-font-size has-vivid-red-color\">Une arme doit <strong>TOUJOURS<\/strong> \u00eatre consid\u00e9r\u00e9e comme <strong>CHARG\u00c9E <\/strong>et \u00e0 ce titre ne doit <strong>JAMAIS<\/strong> \u00eatre dirig\u00e9e vers soi-m\u00eame ou vers quelqu&rsquo;un.<\/p>\n\n\n\n<p style=\"text-align:center\" class=\"has-large-font-size\"><strong>LES 4 R\u00c8GLES DE S\u00c9CURIT\u00c9<\/strong><\/p>\n\n\n\n<ul class=\"wp-block-list\"><li><strong>R\u00e8gle n\u00b01 :<\/strong> Une arme doit toujours \u00eatre consid\u00e9r\u00e9e comme charg\u00e9e.<\/li><li><strong>R\u00e8gle n\u00b02 :<\/strong> Je ne dirige jamais le canon de mon arme vers quelque chose que je ne veux pas atteindre.<\/li><li><strong>R\u00e8gle n\u00b03 :<\/strong> Je laisse le doigt hors de la d\u00e9tente, tant que les organes de vis\u00e9e ne sont pas align\u00e9s sur la cible.<\/li><li><strong>R\u00e8gle n\u00b04 : <\/strong>\u00catre s\u00fbr de sa cible et de son environnement.<\/li><\/ul>\n\n\n\n<p style=\"text-align:center\" class=\"has-large-font-size\"><strong>Rappel des d\u00e9finitions de s\u00e9curit\u00e9:<\/strong><\/p>\n\n\n\n<ul class=\"wp-block-list\"><li>Arme approvisionn\u00e9e : arme qui contient une ou plusieurs munitions, mais qui n&rsquo;est pas pr\u00eate \u00e0 tirer.<\/li><li>Arme charg\u00e9e : une munition est engag\u00e9e dans la chambre de l&rsquo;arme. <\/li><li>Nota : le commandement d&rsquo;arbitrage CHARGEZ ! signifie au tireur qu&rsquo;il a l&rsquo;autorisation d&rsquo;introduire une munition dans la chambre et d&rsquo;armer le m\u00e9canisme de d\u00e9tente !<\/li><li>Arme pr\u00eate \u00e0 tirer : arme dont toute action sur la queue de d\u00e9tente fait partir le coup.<\/li><li>Arme d\u00e9sapprovisionn\u00e9e : arme qui ne contient plus de munition, car on a enlev\u00e9 le chargeur, vid\u00e9 le magasin, la chambre ou le barillet de ses munitions.<\/li><li>Arme assur\u00e9e ou mise en s\u00e9curit\u00e9 : arme que l&rsquo;on a d\u00e9sapprovisionn\u00e9e et dont on a : <ul><li>Ouvert, et maintenu le m\u00e9canisme ouvert (culasse ouverte ou barillet bascul\u00e9, canons cass\u00e9s),<\/li><li>Contr\u00f4l\u00e9 visuellement et physiquement l&rsquo;absence de munitions (chambre et planchette \u00e9l\u00e9vatrice dans certains cas).<\/li><li> Il ne faut jamais faire confiance aux seules s\u00e9curit\u00e9s m\u00e9caniques des armes, de plus une arme ne doit jamais \u00eatre manipul\u00e9e ou ferm\u00e9e brutalement.<\/li><\/ul><\/li><\/ul>\n\n\n\n<div class=\"wp-block-image\"><figure class=\"aligncenter\"><a href=\"https:\/\/www.fftir.org\/images\/documents\/2016_panneau_securite_fftir_hd.pdf\" target=\"_blank\" rel=\"noreferrer noopener\"><img loading=\"lazy\" decoding=\"async\" width=\"871\" height=\"625\" src=\"https:\/\/stlanglade.fr\/wp-content\/uploads\/2019\/02\/panneau-securit\u00e9.png\" alt=\"\" class=\"wp-image-271\" srcset=\"https:\/\/stlanglade.fr\/wp-content\/uploads\/2019\/02\/panneau-securit\u00e9.png 871w, https:\/\/stlanglade.fr\/wp-content\/uploads\/2019\/02\/panneau-securit\u00e9-300x215.png 300w, https:\/\/stlanglade.fr\/wp-content\/uploads\/2019\/02\/panneau-securit\u00e9-768x551.png 768w\" sizes=\"auto, (max-width: 767px) 89vw, (max-width: 1000px) 54vw, (max-width: 1071px) 543px, 580px\" \/><\/a><\/figure><\/div>\n\n\n\n<p style=\"text-align:center\" class=\"has-large-font-size\"><strong>Rappel des r\u00e8gles de s\u00e9curit\u00e9 de notre r\u00e8glement interieur.<\/strong><\/p>\n\n\n\n<p><strong>Article 20- S\u00e9curit\u00e9 <\/strong><br> Chaque tireur, ou son repr\u00e9sentant l\u00e9gal, doit avoir pris connaissance des consignes de s\u00e9curit\u00e9 affich\u00e9es sur les pas de tir.<br> Chaque tireur doit \u00eatre \u00e9quip\u00e9 d&rsquo;un dispositif anti-bruit. <br> Le port de lunettes de protection est obligatoire. <br> Lorsqu&rsquo;un tireur souhaite quitter le pas de tir pour aller aux r\u00e9sultats, il informe les tireurs pr\u00e9sents sur le pas de tir. Ceux-ci doivent mettre leur arme en s\u00e9curit\u00e9, retirer leur chargeur, s&rsquo;assurer que leur arme n&rsquo;est plus charg\u00e9e, mettent en place le drapeau de chambre signalant au voisinage qu&rsquo;aucune cartouche n&rsquo;est introduite dans la chambre de l&rsquo;arme. <br> Le tireur souhaitant aller aux r\u00e9sultats attend que tous les tireurs pr\u00e9sents sur le pas de tir se soient \u00e9loign\u00e9s de leur arme avant de lever les protections m\u00e9caniques signalant l&rsquo;entr\u00e9e d&rsquo;une personne dans le stand.<\/p>\n\n\n\n<p><strong>Article 21- Manipulation des armes<\/strong> <br> Une arme doit toujours \u00eatre consid\u00e9r\u00e9e comme charg\u00e9e.<br> Une arme ne doit pas \u00eatre abandonn\u00e9e sur la tablette du pas de tir si elle est charg\u00e9e. Le barillet ou la culasse doit \u00eatre en position ouverte.<\/p>\n\n\n\n<p>Il est formellement interdit :<br>\n\u2022    De charger et armer son arme en dehors du pas de tir. <br>\n\u2022    D\u2019abandonner une arme sans surveillance ou de poser une arme charg\u00e9e. <br>\n\u2022    De toucher l&rsquo;arme ou le mat\u00e9riel d&rsquo;un tireur sans son autorisation. (Exception faite pour le Directeur de Tir). <br>\n\u2022    De diriger le canon d&rsquo;une arme dans une direction autre que celle des cibles. <br>\n\u2022    De viser ou \u00e9pauler en dehors de la ligne de tir. <br>\n\u2022    De tirer sur un autre objectif que les cibles ou gongs.<br>\n\u2022    De manipuler les armes pendant que les tireurs sont aux r\u00e9sultats.<br>\n\u2022    De g\u00eaner un autre tireur. <br>\n\u2022    De fumer sur le pas de tir.<br>\n\u2022    De consommer de l&rsquo;alcool sur le pas de tir.<br>\n\u2022    De tirer en dehors du pas de tir. Sur ce point, tout contrevenant \u00e0 cette r\u00e8gle sera imm\u00e9diatement sanctionn\u00e9.<\/p>\n\n\n\n<p><strong>Toute arme quittant le pas de tir doit \u00eatre d\u00e9charg\u00e9e et rang\u00e9e dans un moyen de transport (mallette, caisse\u2026),<\/strong><\/p>\n\n\n\n<p style=\"color:#ffffff;font-size:1px\" class=\"has-text-color\">\n\nSoci\u00e9t\u00e9 de tir de Langlade Serge Boissier. Club de tir. Stand de Tir Langlade\n\n<\/p>\n<div class=\"pvc_clear\"><\/div><p id=\"pvc_stats_214\" class=\"pvc_stats all  \" data-element-id=\"214\" style=\"\"><i class=\"pvc-stats-icon medium\" aria-hidden=\"true\"><svg aria-hidden=\"true\" focusable=\"false\" data-prefix=\"far\" data-icon=\"chart-bar\" role=\"img\" xmlns=\"http:\/\/www.w3.org\/2000\/svg\" viewBox=\"0 0 512 512\" class=\"svg-inline--fa fa-chart-bar fa-w-16 fa-2x\"><path fill=\"currentColor\" d=\"M396.8 352h22.4c6.4 0 12.8-6.4 12.8-12.8V108.8c0-6.4-6.4-12.8-12.8-12.8h-22.4c-6.4 0-12.8 6.4-12.8 12.8v230.4c0 6.4 6.4 12.8 12.8 12.8zm-192 0h22.4c6.4 0 12.8-6.4 12.8-12.8V140.8c0-6.4-6.4-12.8-12.8-12.8h-22.4c-6.4 0-12.8 6.4-12.8 12.8v198.4c0 6.4 6.4 12.8 12.8 12.8zm96 0h22.4c6.4 0 12.8-6.4 12.8-12.8V204.8c0-6.4-6.4-12.8-12.8-12.8h-22.4c-6.4 0-12.8 6.4-12.8 12.8v134.4c0 6.4 6.4 12.8 12.8 12.8zM496 400H48V80c0-8.84-7.16-16-16-16H16C7.16 64 0 71.16 0 80v336c0 17.67 14.33 32 32 32h464c8.84 0 16-7.16 16-16v-16c0-8.84-7.16-16-16-16zm-387.2-48h22.4c6.4 0 12.8-6.4 12.8-12.8v-70.4c0-6.4-6.4-12.8-12.8-12.8h-22.4c-6.4 0-12.8 6.4-12.8 12.8v70.4c0 6.4 6.4 12.8 12.8 12.8z\" class=\"\"><\/path><\/svg><\/i> <img loading=\"lazy\" decoding=\"async\" width=\"16\" height=\"16\" alt=\"Loading\" src=\"https:\/\/stlanglade.fr\/wp-content\/plugins\/page-views-count\/ajax-loader-2x.gif\" border=0 \/><\/p><div class=\"pvc_clear\"><\/div>","protected":false},"excerpt":{"rendered":"<p>Une arme doit TOUJOURS \u00eatre consid\u00e9r\u00e9e comme CHARG\u00c9E et \u00e0 ce titre ne doit JAMAIS \u00eatre dirig\u00e9e vers soi-m\u00eame ou vers quelqu&rsquo;un. LES 4 R\u00c8GLES DE S\u00c9CURIT\u00c9 R\u00e8gle n\u00b01 : &hellip; <\/p>\n<p class=\"link-more\"><a href=\"https:\/\/stlanglade.fr\/?page_id=214\" class=\"more-link\">Continuer la lecture<span class=\"screen-reader-text\"> de &laquo;&nbsp;Les r\u00e8gles de s\u00e9curit\u00e9&nbsp;&raquo;<\/span><\/a><\/p>\n<div class=\"pvc_clear\"><\/div>\n<p id=\"pvc_stats_214\" class=\"pvc_stats all  \" data-element-id=\"214\" style=\"\"><i class=\"pvc-stats-icon medium\" aria-hidden=\"true\"><svg aria-hidden=\"true\" focusable=\"false\" data-prefix=\"far\" data-icon=\"chart-bar\" role=\"img\" xmlns=\"http:\/\/www.w3.org\/2000\/svg\" viewBox=\"0 0 512 512\" class=\"svg-inline--fa fa-chart-bar fa-w-16 fa-2x\"><path fill=\"currentColor\" d=\"M396.8 352h22.4c6.4 0 12.8-6.4 12.8-12.8V108.8c0-6.4-6.4-12.8-12.8-12.8h-22.4c-6.4 0-12.8 6.4-12.8 12.8v230.4c0 6.4 6.4 12.8 12.8 12.8zm-192 0h22.4c6.4 0 12.8-6.4 12.8-12.8V140.8c0-6.4-6.4-12.8-12.8-12.8h-22.4c-6.4 0-12.8 6.4-12.8 12.8v198.4c0 6.4 6.4 12.8 12.8 12.8zm96 0h22.4c6.4 0 12.8-6.4 12.8-12.8V204.8c0-6.4-6.4-12.8-12.8-12.8h-22.4c-6.4 0-12.8 6.4-12.8 12.8v134.4c0 6.4 6.4 12.8 12.8 12.8zM496 400H48V80c0-8.84-7.16-16-16-16H16C7.16 64 0 71.16 0 80v336c0 17.67 14.33 32 32 32h464c8.84 0 16-7.16 16-16v-16c0-8.84-7.16-16-16-16zm-387.2-48h22.4c6.4 0 12.8-6.4 12.8-12.8v-70.4c0-6.4-6.4-12.8-12.8-12.8h-22.4c-6.4 0-12.8 6.4-12.8 12.8v70.4c0 6.4 6.4 12.8 12.8 12.8z\" class=\"\"><\/path><\/svg><\/i> <img loading=\"lazy\" decoding=\"async\" width=\"16\" height=\"16\" alt=\"Loading\" src=\"https:\/\/stlanglade.fr\/wp-content\/plugins\/page-views-count\/ajax-loader-2x.gif\" border=0 \/><\/p>\n<div class=\"pvc_clear\"><\/div>\n","protected":false},"author":5,"featured_media":0,"parent":0,"menu_order":0,"comment_status":"closed","ping_status":"closed","template":"","meta":{"footnotes":""},"class_list":["post-214","page","type-page","status-publish","hentry"],"_links":{"self":[{"href":"https:\/\/stlanglade.fr\/index.php?rest_route=\/wp\/v2\/pages\/214","targetHints":{"allow":["GET"]}}],"collection":[{"href":"https:\/\/stlanglade.fr\/index.php?rest_route=\/wp\/v2\/pages"}],"about":[{"href":"https:\/\/stlanglade.fr\/index.php?rest_route=\/wp\/v2\/types\/page"}],"author":[{"embeddable":true,"href":"https:\/\/stlanglade.fr\/index.php?rest_route=\/wp\/v2\/users\/5"}],"replies":[{"embeddable":true,"href":"https:\/\/stlanglade.fr\/index.php?rest_route=%2Fwp%2Fv2%2Fcomments&post=214"}],"version-history":[{"count":8,"href":"https:\/\/stlanglade.fr\/index.php?rest_route=\/wp\/v2\/pages\/214\/revisions"}],"predecessor-version":[{"id":659,"href":"https:\/\/stlanglade.fr\/index.php?rest_route=\/wp\/v2\/pages\/214\/revisions\/659"}],"wp:attachment":[{"href":"https:\/\/stlanglade.fr\/index.php?rest_route=%2Fwp%2Fv2%2Fmedia&parent=214"}],"curies":[{"name":"wp","href":"https:\/\/api.w.org\/{rel}","templated":true}]}}