
{"id":222,"date":"2019-02-17T08:49:17","date_gmt":"2019-02-17T07:49:17","guid":{"rendered":"http:\/\/stlanglade.fr\/?page_id=222"},"modified":"2021-10-15T00:29:33","modified_gmt":"2021-10-14T22:29:33","slug":"le-transport-des-armes","status":"publish","type":"page","link":"https:\/\/stlanglade.fr\/?page_id=222","title":{"rendered":"Le transport des armes"},"content":{"rendered":"\n<p class=\"has-text-align-center has-large-font-size\"><strong>CONDITIONS DE TRANSPORT :<\/strong><\/p>\n\n\n\n<p>Lorsque vous vous d\u00e9placez avec des armes, \u00e9l\u00e9ments d&rsquo;armes, munitions de cat\u00e9gorie B ou C vous devez \u00eatre toujours en possession d&rsquo;un certain nombre de documents :<\/p>\n\n\n\n<ul class=\"wp-block-list\"><li>Obligatoirement la <strong>licence FFTir<\/strong> \u00e0 jour qui vaut titre l\u00e9gitime de transport<\/li><li>L&rsquo;<strong>autorisation de d\u00e9tention<\/strong> n\u2019est pas obligatoire<\/li><li><strong>L&rsquo;arme doit \u00eatre d\u00e9sapprovisionn\u00e9e et elle est soit d\u00e9mont\u00e9e, soit \u00e9quip\u00e9e d&rsquo;un dispositif rendant son utilisation imm\u00e9diate impossible (verrou de pontet par exemple).<\/strong><\/li><li>L&rsquo;arme doit \u00eatre transport\u00e9e dans une mallette ou une housse, les munitions \u00e9tant rang\u00e9es \u00e0 part (conseill\u00e9 FFTir).<\/li><\/ul>\n\n\n\n<p class=\"has-text-color\" style=\"color:#ffffff;font-size:1px\">\n\nSoci\u00e9t\u00e9 de tir de Langlade Serge Boissier. Club de tir. Stand de Tir Langlade\n\n<\/p>\n<div class=\"pvc_clear\"><\/div><p id=\"pvc_stats_222\" class=\"pvc_stats all  \" data-element-id=\"222\" style=\"\"><i class=\"pvc-stats-icon medium\" aria-hidden=\"true\"><svg aria-hidden=\"true\" focusable=\"false\" data-prefix=\"far\" data-icon=\"chart-bar\" role=\"img\" xmlns=\"http:\/\/www.w3.org\/2000\/svg\" viewBox=\"0 0 512 512\" class=\"svg-inline--fa fa-chart-bar fa-w-16 fa-2x\"><path fill=\"currentColor\" d=\"M396.8 352h22.4c6.4 0 12.8-6.4 12.8-12.8V108.8c0-6.4-6.4-12.8-12.8-12.8h-22.4c-6.4 0-12.8 6.4-12.8 12.8v230.4c0 6.4 6.4 12.8 12.8 12.8zm-192 0h22.4c6.4 0 12.8-6.4 12.8-12.8V140.8c0-6.4-6.4-12.8-12.8-12.8h-22.4c-6.4 0-12.8 6.4-12.8 12.8v198.4c0 6.4 6.4 12.8 12.8 12.8zm96 0h22.4c6.4 0 12.8-6.4 12.8-12.8V204.8c0-6.4-6.4-12.8-12.8-12.8h-22.4c-6.4 0-12.8 6.4-12.8 12.8v134.4c0 6.4 6.4 12.8 12.8 12.8zM496 400H48V80c0-8.84-7.16-16-16-16H16C7.16 64 0 71.16 0 80v336c0 17.67 14.33 32 32 32h464c8.84 0 16-7.16 16-16v-16c0-8.84-7.16-16-16-16zm-387.2-48h22.4c6.4 0 12.8-6.4 12.8-12.8v-70.4c0-6.4-6.4-12.8-12.8-12.8h-22.4c-6.4 0-12.8 6.4-12.8 12.8v70.4c0 6.4 6.4 12.8 12.8 12.8z\" class=\"\"><\/path><\/svg><\/i> <img loading=\"lazy\" decoding=\"async\" width=\"16\" height=\"16\" alt=\"Loading\" src=\"https:\/\/stlanglade.fr\/wp-content\/plugins\/page-views-count\/ajax-loader-2x.gif\" border=0 \/><\/p><div class=\"pvc_clear\"><\/div>","protected":false},"excerpt":{"rendered":"<p>CONDITIONS DE TRANSPORT : Lorsque vous vous d\u00e9placez avec des armes, \u00e9l\u00e9ments d&rsquo;armes, munitions de cat\u00e9gorie B ou C vous devez \u00eatre toujours en possession d&rsquo;un certain nombre de documents &hellip; <\/p>\n<p class=\"link-more\"><a href=\"https:\/\/stlanglade.fr\/?page_id=222\" class=\"more-link\">Continuer la lecture<span class=\"screen-reader-text\"> de &laquo;&nbsp;Le transport des armes&nbsp;&raquo;<\/span><\/a><\/p>\n<div class=\"pvc_clear\"><\/div>\n<p id=\"pvc_stats_222\" class=\"pvc_stats all  \" data-element-id=\"222\" style=\"\"><i class=\"pvc-stats-icon medium\" aria-hidden=\"true\"><svg aria-hidden=\"true\" focusable=\"false\" data-prefix=\"far\" data-icon=\"chart-bar\" role=\"img\" xmlns=\"http:\/\/www.w3.org\/2000\/svg\" viewBox=\"0 0 512 512\" class=\"svg-inline--fa fa-chart-bar fa-w-16 fa-2x\"><path fill=\"currentColor\" d=\"M396.8 352h22.4c6.4 0 12.8-6.4 12.8-12.8V108.8c0-6.4-6.4-12.8-12.8-12.8h-22.4c-6.4 0-12.8 6.4-12.8 12.8v230.4c0 6.4 6.4 12.8 12.8 12.8zm-192 0h22.4c6.4 0 12.8-6.4 12.8-12.8V140.8c0-6.4-6.4-12.8-12.8-12.8h-22.4c-6.4 0-12.8 6.4-12.8 12.8v198.4c0 6.4 6.4 12.8 12.8 12.8zm96 0h22.4c6.4 0 12.8-6.4 12.8-12.8V204.8c0-6.4-6.4-12.8-12.8-12.8h-22.4c-6.4 0-12.8 6.4-12.8 12.8v134.4c0 6.4 6.4 12.8 12.8 12.8zM496 400H48V80c0-8.84-7.16-16-16-16H16C7.16 64 0 71.16 0 80v336c0 17.67 14.33 32 32 32h464c8.84 0 16-7.16 16-16v-16c0-8.84-7.16-16-16-16zm-387.2-48h22.4c6.4 0 12.8-6.4 12.8-12.8v-70.4c0-6.4-6.4-12.8-12.8-12.8h-22.4c-6.4 0-12.8 6.4-12.8 12.8v70.4c0 6.4 6.4 12.8 12.8 12.8z\" class=\"\"><\/path><\/svg><\/i> <img loading=\"lazy\" decoding=\"async\" width=\"16\" height=\"16\" alt=\"Loading\" src=\"https:\/\/stlanglade.fr\/wp-content\/plugins\/page-views-count\/ajax-loader-2x.gif\" border=0 \/><\/p>\n<div class=\"pvc_clear\"><\/div>\n","protected":false},"author":5,"featured_media":0,"parent":0,"menu_order":0,"comment_status":"closed","ping_status":"closed","template":"","meta":{"footnotes":""},"class_list":["post-222","page","type-page","status-publish","hentry"],"_links":{"self":[{"href":"https:\/\/stlanglade.fr\/index.php?rest_route=\/wp\/v2\/pages\/222","targetHints":{"allow":["GET"]}}],"collection":[{"href":"https:\/\/stlanglade.fr\/index.php?rest_route=\/wp\/v2\/pages"}],"about":[{"href":"https:\/\/stlanglade.fr\/index.php?rest_route=\/wp\/v2\/types\/page"}],"author":[{"embeddable":true,"href":"https:\/\/stlanglade.fr\/index.php?rest_route=\/wp\/v2\/users\/5"}],"replies":[{"embeddable":true,"href":"https:\/\/stlanglade.fr\/index.php?rest_route=%2Fwp%2Fv2%2Fcomments&post=222"}],"version-history":[{"count":7,"href":"https:\/\/stlanglade.fr\/index.php?rest_route=\/wp\/v2\/pages\/222\/revisions"}],"predecessor-version":[{"id":943,"href":"https:\/\/stlanglade.fr\/index.php?rest_route=\/wp\/v2\/pages\/222\/revisions\/943"}],"wp:attachment":[{"href":"https:\/\/stlanglade.fr\/index.php?rest_route=%2Fwp%2Fv2%2Fmedia&parent=222"}],"curies":[{"name":"wp","href":"https:\/\/api.w.org\/{rel}","templated":true}]}}