
{"id":225,"date":"2019-02-17T08:51:41","date_gmt":"2019-02-17T07:51:41","guid":{"rendered":"http:\/\/stlanglade.fr\/?page_id=225"},"modified":"2021-10-15T00:32:20","modified_gmt":"2021-10-14T22:32:20","slug":"procedure-dobtention-de-la-feuille-verte","status":"publish","type":"page","link":"https:\/\/stlanglade.fr\/?page_id=225","title":{"rendered":"Proc\u00e9dure d\u2019obtention de la \u00ab feuille verte \u00bb"},"content":{"rendered":"\n<p>Pour obtenir une \u00ab\u00a0feuille verte\u00a0\u00bb il vous faut: <\/p>\n\n\n\n<ul class=\"wp-block-list\"><li><strong>Avoir valid\u00e9 le questionnaire de contr\u00f4le de connaissances,<\/strong><\/li><li><strong>Avoir effectu\u00e9 les formations de niveau 1 et de niveau 2 du club<\/strong><\/li><li><strong>\u00catre licenci\u00e9 au club depuis 6 mois minimum,<\/strong><\/li><li><strong>Avoir effectu\u00e9 au moins 3 tirs contr\u00f4l\u00e9s dans les 12 derniers mois pr\u00e9c\u00e9dant la demande.<strong> <\/strong><\/strong><\/li><li><strong><strong>\u00catre \u00e2g\u00e9 de 18 ans au moins ou si on est mineur, \u00eatre un tireur s\u00e9lectionn\u00e9 participant \u00e0 des concours internationaux,<\/strong><\/strong><\/li><li><strong><strong>D\u00e9tenir une licence en cours de validit\u00e9 sign\u00e9e par votre m\u00e9decin traitant.<\/strong><\/strong><\/li><\/ul>\n\n\n\n<p>Si tout est ok: <\/p>\n\n\n\n<p><strong>Adressez votre demande par mail au pr\u00e9sident de la STL<\/strong><\/p>\n\n\n\n<p><strong>Note : Pour la pr\u00e9fecture du Gard, la dur\u00e9e de validit\u00e9 de l&rsquo;avis pr\u00e9alable est de 3 mois<\/strong><\/p>\n\n\n\n<p class=\"has-text-color\" style=\"color:#ffffff;font-size:1px\">\n\nSoci\u00e9t\u00e9 de tir de Langlade Serge Boissier. Club de tir. Stand de Tir Langlade\n\n<\/p>\n<div class=\"pvc_clear\"><\/div><p id=\"pvc_stats_225\" class=\"pvc_stats all  \" data-element-id=\"225\" style=\"\"><i class=\"pvc-stats-icon medium\" aria-hidden=\"true\"><svg aria-hidden=\"true\" focusable=\"false\" data-prefix=\"far\" data-icon=\"chart-bar\" role=\"img\" xmlns=\"http:\/\/www.w3.org\/2000\/svg\" viewBox=\"0 0 512 512\" class=\"svg-inline--fa fa-chart-bar fa-w-16 fa-2x\"><path fill=\"currentColor\" d=\"M396.8 352h22.4c6.4 0 12.8-6.4 12.8-12.8V108.8c0-6.4-6.4-12.8-12.8-12.8h-22.4c-6.4 0-12.8 6.4-12.8 12.8v230.4c0 6.4 6.4 12.8 12.8 12.8zm-192 0h22.4c6.4 0 12.8-6.4 12.8-12.8V140.8c0-6.4-6.4-12.8-12.8-12.8h-22.4c-6.4 0-12.8 6.4-12.8 12.8v198.4c0 6.4 6.4 12.8 12.8 12.8zm96 0h22.4c6.4 0 12.8-6.4 12.8-12.8V204.8c0-6.4-6.4-12.8-12.8-12.8h-22.4c-6.4 0-12.8 6.4-12.8 12.8v134.4c0 6.4 6.4 12.8 12.8 12.8zM496 400H48V80c0-8.84-7.16-16-16-16H16C7.16 64 0 71.16 0 80v336c0 17.67 14.33 32 32 32h464c8.84 0 16-7.16 16-16v-16c0-8.84-7.16-16-16-16zm-387.2-48h22.4c6.4 0 12.8-6.4 12.8-12.8v-70.4c0-6.4-6.4-12.8-12.8-12.8h-22.4c-6.4 0-12.8 6.4-12.8 12.8v70.4c0 6.4 6.4 12.8 12.8 12.8z\" class=\"\"><\/path><\/svg><\/i> <img loading=\"lazy\" decoding=\"async\" width=\"16\" height=\"16\" alt=\"Loading\" src=\"https:\/\/stlanglade.fr\/wp-content\/plugins\/page-views-count\/ajax-loader-2x.gif\" border=0 \/><\/p><div class=\"pvc_clear\"><\/div>","protected":false},"excerpt":{"rendered":"<p>Pour obtenir une \u00ab\u00a0feuille verte\u00a0\u00bb il vous faut: Avoir valid\u00e9 le questionnaire de contr\u00f4le de connaissances, Avoir effectu\u00e9 les formations de niveau 1 et de niveau 2 du club \u00catre &hellip; <\/p>\n<p class=\"link-more\"><a href=\"https:\/\/stlanglade.fr\/?page_id=225\" class=\"more-link\">Continuer la lecture<span class=\"screen-reader-text\"> de &laquo;&nbsp;Proc\u00e9dure d\u2019obtention de la \u00ab feuille verte \u00bb&nbsp;&raquo;<\/span><\/a><\/p>\n<div class=\"pvc_clear\"><\/div>\n<p id=\"pvc_stats_225\" class=\"pvc_stats all  \" data-element-id=\"225\" style=\"\"><i class=\"pvc-stats-icon medium\" aria-hidden=\"true\"><svg aria-hidden=\"true\" focusable=\"false\" data-prefix=\"far\" data-icon=\"chart-bar\" role=\"img\" xmlns=\"http:\/\/www.w3.org\/2000\/svg\" viewBox=\"0 0 512 512\" class=\"svg-inline--fa fa-chart-bar fa-w-16 fa-2x\"><path fill=\"currentColor\" d=\"M396.8 352h22.4c6.4 0 12.8-6.4 12.8-12.8V108.8c0-6.4-6.4-12.8-12.8-12.8h-22.4c-6.4 0-12.8 6.4-12.8 12.8v230.4c0 6.4 6.4 12.8 12.8 12.8zm-192 0h22.4c6.4 0 12.8-6.4 12.8-12.8V140.8c0-6.4-6.4-12.8-12.8-12.8h-22.4c-6.4 0-12.8 6.4-12.8 12.8v198.4c0 6.4 6.4 12.8 12.8 12.8zm96 0h22.4c6.4 0 12.8-6.4 12.8-12.8V204.8c0-6.4-6.4-12.8-12.8-12.8h-22.4c-6.4 0-12.8 6.4-12.8 12.8v134.4c0 6.4 6.4 12.8 12.8 12.8zM496 400H48V80c0-8.84-7.16-16-16-16H16C7.16 64 0 71.16 0 80v336c0 17.67 14.33 32 32 32h464c8.84 0 16-7.16 16-16v-16c0-8.84-7.16-16-16-16zm-387.2-48h22.4c6.4 0 12.8-6.4 12.8-12.8v-70.4c0-6.4-6.4-12.8-12.8-12.8h-22.4c-6.4 0-12.8 6.4-12.8 12.8v70.4c0 6.4 6.4 12.8 12.8 12.8z\" class=\"\"><\/path><\/svg><\/i> <img loading=\"lazy\" decoding=\"async\" width=\"16\" height=\"16\" alt=\"Loading\" src=\"https:\/\/stlanglade.fr\/wp-content\/plugins\/page-views-count\/ajax-loader-2x.gif\" border=0 \/><\/p>\n<div class=\"pvc_clear\"><\/div>\n","protected":false},"author":5,"featured_media":0,"parent":0,"menu_order":0,"comment_status":"closed","ping_status":"closed","template":"","meta":{"footnotes":""},"class_list":["post-225","page","type-page","status-publish","hentry"],"_links":{"self":[{"href":"https:\/\/stlanglade.fr\/index.php?rest_route=\/wp\/v2\/pages\/225","targetHints":{"allow":["GET"]}}],"collection":[{"href":"https:\/\/stlanglade.fr\/index.php?rest_route=\/wp\/v2\/pages"}],"about":[{"href":"https:\/\/stlanglade.fr\/index.php?rest_route=\/wp\/v2\/types\/page"}],"author":[{"embeddable":true,"href":"https:\/\/stlanglade.fr\/index.php?rest_route=\/wp\/v2\/users\/5"}],"replies":[{"embeddable":true,"href":"https:\/\/stlanglade.fr\/index.php?rest_route=%2Fwp%2Fv2%2Fcomments&post=225"}],"version-history":[{"count":11,"href":"https:\/\/stlanglade.fr\/index.php?rest_route=\/wp\/v2\/pages\/225\/revisions"}],"predecessor-version":[{"id":945,"href":"https:\/\/stlanglade.fr\/index.php?rest_route=\/wp\/v2\/pages\/225\/revisions\/945"}],"wp:attachment":[{"href":"https:\/\/stlanglade.fr\/index.php?rest_route=%2Fwp%2Fv2%2Fmedia&parent=225"}],"curies":[{"name":"wp","href":"https:\/\/api.w.org\/{rel}","templated":true}]}}