
{"id":227,"date":"2019-02-17T08:58:05","date_gmt":"2019-02-17T07:58:05","guid":{"rendered":"http:\/\/stlanglade.fr\/?page_id=227"},"modified":"2022-12-20T23:46:33","modified_gmt":"2022-12-20T22:46:33","slug":"procedure-dobtention-dune-autorisation-dans-le-gard","status":"publish","type":"page","link":"https:\/\/stlanglade.fr\/?page_id=227","title":{"rendered":"Proc\u00e9dure d\u2019obtention d\u2019une arme de cat\u00e9gorie B dans le Gard"},"content":{"rendered":"\n<p> Pour acqu\u00e9rir une arme de cat\u00e9gorie B ou renouveler l&rsquo;autorisation de d\u00e9tention de celle-ci, il faut : <\/p>\n\n\n\n<ul><li><strong>\u00catre licenci\u00e9 au club depuis 6 mois minimum,<\/strong><\/li>\n\n<li><strong>Fr\u00e9quenter le stand r\u00e9guli\u00e8rement, <\/strong><\/li>\n\n<li><strong>\u00catre \u00e2g\u00e9 de 18 ans au moins ou si on est mineur, \u00eatre un tireur s\u00e9lectionn\u00e9 participant \u00e0 des concours internationaux<\/strong><\/li>\n\n<li><strong>Demander l&rsquo;avis pr\u00e9alable au club (feuille verte),<\/strong><\/li>\n\n<li><strong>\u00catre d\u00e9tenteur d\u2019une licence FFTir en cours de validit\u00e9<\/strong><\/li>\n\n<li><strong>T\u00e9l\u00e9charger et remplir le <a rel=\"noreferrer noopener\" aria-label=\" (s\u2019ouvre dans un nouvel onglet)\" href=\"https:\/\/www.service-public.fr\/particuliers\/vosdroits\/R1499\" target=\"_blank\">CERFA  12644*04<\/a><\/strong><\/li><\/ul>\n\n<strong>Note : L&rsquo;UNPACT a cr\u00e9\u00e9 un formulaire qu&rsquo;il est possible de saisir : <a href=\"http:\/\/www.unpact.net\/downloads\/cerfa_12644-04 UNPACT.pdf\">CERFA  12644*04 UNPACT<\/a><\/strong> \n<ul>\n<br>\n\n<li><strong>Fournir l&rsquo;avis favorable d\u00e9livr\u00e9 par le club et par la ligue Languedoc-Roussillon.<\/strong><\/li>\n<li><strong> Fournir la photocopie :<\/strong><ul><li><strong>De la licence t\u00e9l\u00e9charg\u00e9e \u00e0 partir de votre compte personnel dans l&rsquo;application EDEN <\/strong><\/li>\n<li><strong>Du certificat m\u00e9dical t\u00e9l\u00e9charg\u00e9 \u00e0 partir de votre compte personnel dans l&rsquo;application EDEN, <\/strong><\/li>\n<li><strong>D\u2019une pi\u00e8ce d&rsquo;identit\u00e9 recto-verso pour la CNI,<\/strong><\/li>\n<li><strong>D\u2019un justificatif de domicile (facture \u00e9lectricit\u00e9, t\u00e9l\u00e9phone) de moins de 3 mois,<\/strong><\/li><\/ul><\/li>\n<li><strong> Une attestation sur l&rsquo;honneur de la d\u00e9tention d&rsquo;un coffre fort ou armoire forte avec photo, <\/strong><\/li><li><strong>Fournir s\u2019il y a lieu l&rsquo;original de l&rsquo;autorisation de d\u00e9tention \u00e0 renouveler,<\/strong><\/li><li><strong>Fournir un extrait d\u2019acte de naissance portant mentions marginales,<\/strong><\/li><li><strong>Fournir une enveloppe \u00ab Lettre suivie 50g\u00bb<\/strong><\/li><\/ul>\n\n\n\n<p><strong>Adresser le dossier par lettre Recommand\u00e9e AR \u00e0 la pr\u00e9fecture du d\u00e9partement du domicile :<br> \u2022    Pour le Gard : <\/strong>Pr\u00e9fecture du Gard, Service des Armes, SAPSI-BPA, Direction des s\u00e9curit\u00e9s, 30045 NIMES-Cedex 9<\/p>\n\n\n\n<p><strong>RAPPEL : une autorisation de d\u00e9tention ne donne pas droit au port d&rsquo;arme.<\/strong><\/p>\n\n\n\n<p> La d\u00e9livrance d\u2019un avis pr\u00e9alable pour l\u2019acquisition ou le renouvellement d\u2019une d\u00e9tention d\u2019arme de cat\u00e9gorie A et B implique la participation \u00e0 trois s\u00e9ances de tirs obligatoires dans l\u2019ann\u00e9e civile (1er janvier au 31 d\u00e9cembre).<br> En application du D\u00e9cret n\u00b0 2013-700 du 30 juillet 2013 portant application de la loi n\u00b0 2012-304 du 6 mars 2012 relative \u00e0 l&rsquo;\u00e9tablissement d&rsquo;un contr\u00f4le des armes moderne, simplifi\u00e9 et pr\u00e9ventif, la licence f\u00e9d\u00e9rale d\u00e9livr\u00e9e par la FFTir \u00e0 tous les d\u00e9tenteurs d&rsquo;armes \u00e0 titre sportif, vaut titre de transport l\u00e9gitime.<br> Il est donc obligatoire que tous les licenci\u00e9s d\u00e9tenteurs d&rsquo;armes \u00e0 titre sportif, renouvellent leur licence avant le 30 septembre de la saison sportive en cours, faute de quoi leur autorisation de d\u00e9tention est de plein droit caduque avec pour corollaire le risque d\u2019avoir \u00e0 se dessaisir des armes concern\u00e9es.<br><\/p>\n\n\n\n<p class=\"has-text-color\" style=\"color:#ffffff;font-size:1px\"> <br>Soci\u00e9t\u00e9 de tir de Langlade Serge Boissier. Club de tir. Stand de Tir Langlade <br><\/p>\n<div class=\"pvc_clear\"><\/div><p id=\"pvc_stats_227\" class=\"pvc_stats all  \" data-element-id=\"227\" style=\"\"><i class=\"pvc-stats-icon medium\" aria-hidden=\"true\"><svg aria-hidden=\"true\" focusable=\"false\" data-prefix=\"far\" data-icon=\"chart-bar\" role=\"img\" xmlns=\"http:\/\/www.w3.org\/2000\/svg\" viewBox=\"0 0 512 512\" class=\"svg-inline--fa fa-chart-bar fa-w-16 fa-2x\"><path fill=\"currentColor\" d=\"M396.8 352h22.4c6.4 0 12.8-6.4 12.8-12.8V108.8c0-6.4-6.4-12.8-12.8-12.8h-22.4c-6.4 0-12.8 6.4-12.8 12.8v230.4c0 6.4 6.4 12.8 12.8 12.8zm-192 0h22.4c6.4 0 12.8-6.4 12.8-12.8V140.8c0-6.4-6.4-12.8-12.8-12.8h-22.4c-6.4 0-12.8 6.4-12.8 12.8v198.4c0 6.4 6.4 12.8 12.8 12.8zm96 0h22.4c6.4 0 12.8-6.4 12.8-12.8V204.8c0-6.4-6.4-12.8-12.8-12.8h-22.4c-6.4 0-12.8 6.4-12.8 12.8v134.4c0 6.4 6.4 12.8 12.8 12.8zM496 400H48V80c0-8.84-7.16-16-16-16H16C7.16 64 0 71.16 0 80v336c0 17.67 14.33 32 32 32h464c8.84 0 16-7.16 16-16v-16c0-8.84-7.16-16-16-16zm-387.2-48h22.4c6.4 0 12.8-6.4 12.8-12.8v-70.4c0-6.4-6.4-12.8-12.8-12.8h-22.4c-6.4 0-12.8 6.4-12.8 12.8v70.4c0 6.4 6.4 12.8 12.8 12.8z\" class=\"\"><\/path><\/svg><\/i> <img loading=\"lazy\" decoding=\"async\" width=\"16\" height=\"16\" alt=\"Loading\" src=\"https:\/\/stlanglade.fr\/wp-content\/plugins\/page-views-count\/ajax-loader-2x.gif\" border=0 \/><\/p><div class=\"pvc_clear\"><\/div>","protected":false},"excerpt":{"rendered":"<p>Pour acqu\u00e9rir une arme de cat\u00e9gorie B ou renouveler l&rsquo;autorisation de d\u00e9tention de celle-ci, il faut : \u00catre licenci\u00e9 au club depuis 6 mois minimum, Fr\u00e9quenter le stand r\u00e9guli\u00e8rement, \u00catre &hellip; <\/p>\n<p class=\"link-more\"><a href=\"https:\/\/stlanglade.fr\/?page_id=227\" class=\"more-link\">Continuer la lecture<span class=\"screen-reader-text\"> de &laquo;&nbsp;Proc\u00e9dure d\u2019obtention d\u2019une arme de cat\u00e9gorie B dans le Gard&nbsp;&raquo;<\/span><\/a><\/p>\n<div class=\"pvc_clear\"><\/div>\n<p id=\"pvc_stats_227\" class=\"pvc_stats all  \" data-element-id=\"227\" style=\"\"><i class=\"pvc-stats-icon medium\" aria-hidden=\"true\"><svg aria-hidden=\"true\" focusable=\"false\" data-prefix=\"far\" data-icon=\"chart-bar\" role=\"img\" xmlns=\"http:\/\/www.w3.org\/2000\/svg\" viewBox=\"0 0 512 512\" class=\"svg-inline--fa fa-chart-bar fa-w-16 fa-2x\"><path fill=\"currentColor\" d=\"M396.8 352h22.4c6.4 0 12.8-6.4 12.8-12.8V108.8c0-6.4-6.4-12.8-12.8-12.8h-22.4c-6.4 0-12.8 6.4-12.8 12.8v230.4c0 6.4 6.4 12.8 12.8 12.8zm-192 0h22.4c6.4 0 12.8-6.4 12.8-12.8V140.8c0-6.4-6.4-12.8-12.8-12.8h-22.4c-6.4 0-12.8 6.4-12.8 12.8v198.4c0 6.4 6.4 12.8 12.8 12.8zm96 0h22.4c6.4 0 12.8-6.4 12.8-12.8V204.8c0-6.4-6.4-12.8-12.8-12.8h-22.4c-6.4 0-12.8 6.4-12.8 12.8v134.4c0 6.4 6.4 12.8 12.8 12.8zM496 400H48V80c0-8.84-7.16-16-16-16H16C7.16 64 0 71.16 0 80v336c0 17.67 14.33 32 32 32h464c8.84 0 16-7.16 16-16v-16c0-8.84-7.16-16-16-16zm-387.2-48h22.4c6.4 0 12.8-6.4 12.8-12.8v-70.4c0-6.4-6.4-12.8-12.8-12.8h-22.4c-6.4 0-12.8 6.4-12.8 12.8v70.4c0 6.4 6.4 12.8 12.8 12.8z\" class=\"\"><\/path><\/svg><\/i> <img loading=\"lazy\" decoding=\"async\" width=\"16\" height=\"16\" alt=\"Loading\" src=\"https:\/\/stlanglade.fr\/wp-content\/plugins\/page-views-count\/ajax-loader-2x.gif\" border=0 \/><\/p>\n<div class=\"pvc_clear\"><\/div>\n","protected":false},"author":5,"featured_media":0,"parent":0,"menu_order":0,"comment_status":"closed","ping_status":"closed","template":"","meta":{"footnotes":""},"class_list":["post-227","page","type-page","status-publish","hentry"],"_links":{"self":[{"href":"https:\/\/stlanglade.fr\/index.php?rest_route=\/wp\/v2\/pages\/227","targetHints":{"allow":["GET"]}}],"collection":[{"href":"https:\/\/stlanglade.fr\/index.php?rest_route=\/wp\/v2\/pages"}],"about":[{"href":"https:\/\/stlanglade.fr\/index.php?rest_route=\/wp\/v2\/types\/page"}],"author":[{"embeddable":true,"href":"https:\/\/stlanglade.fr\/index.php?rest_route=\/wp\/v2\/users\/5"}],"replies":[{"embeddable":true,"href":"https:\/\/stlanglade.fr\/index.php?rest_route=%2Fwp%2Fv2%2Fcomments&post=227"}],"version-history":[{"count":13,"href":"https:\/\/stlanglade.fr\/index.php?rest_route=\/wp\/v2\/pages\/227\/revisions"}],"predecessor-version":[{"id":1045,"href":"https:\/\/stlanglade.fr\/index.php?rest_route=\/wp\/v2\/pages\/227\/revisions\/1045"}],"wp:attachment":[{"href":"https:\/\/stlanglade.fr\/index.php?rest_route=%2Fwp%2Fv2%2Fmedia&parent=227"}],"curies":[{"name":"wp","href":"https:\/\/api.w.org\/{rel}","templated":true}]}}