
{"id":232,"date":"2019-02-17T09:06:42","date_gmt":"2019-02-17T08:06:42","guid":{"rendered":"http:\/\/stlanglade.fr\/?page_id=232"},"modified":"2019-03-05T11:20:35","modified_gmt":"2019-03-05T10:20:35","slug":"lentretien-et-les-amenagements-de-notre-club","status":"publish","type":"page","link":"https:\/\/stlanglade.fr\/?page_id=232","title":{"rendered":"L\u2019entretien et les am\u00e9nagements de notre club."},"content":{"rendered":"\n<p><strong>Nous remercions tous les b\u00e9n\u00e9voles participants aux journ\u00e9es de travail.<\/strong><\/p>\n\n\n\n<p class=\"has-text-color has-vivid-red-color\"> <strong>Nous rappelons ici, comme inscrit dans le r\u00e8glement int\u00e9rieur que chaque membre de l\u2019association se doit de participer \u00e0 au moins une journ\u00e9e de participation aux travaux du club par saison sportive\u2026<\/strong><\/p>\n\n\n\n<p> Article 19 \u2013 Entretien des stands, des am\u00e9nagements et des abords<br> La propret\u00e9 du stand incombe aux utilisateurs (ramassage des \u00e9tuis et des cibles usag\u00e9es, utilisation des poubelles, etc.). Les d\u00e9chets, cartons et \u00e9tuis vides devront \u00eatre d\u00e9pos\u00e9s dans les poubelles, la zone b\u00e9tonn\u00e9e au niveau du pas de tir devra \u00eatre balay\u00e9e par chacun apr\u00e8s sa s\u00e9ance afin que le tireur suivant b\u00e9n\u00e9ficie d&rsquo;un pas de tir propre et accueillant.<br> Pour les travaux et l\u2019entretien des stands et des abords, il sera fait appel aux membres \u00e0 qui il sera demand\u00e9 <strong>au moins<\/strong> <strong>une journ\u00e9e<\/strong> de participation par saison sportive.<\/p>\n\n\n\n<p style=\"color:#ffffff;font-size:1px\" class=\"has-text-color\">\n\nSoci\u00e9t\u00e9 de tir de Langlade Serge Boissier. Club de tir. Stand de Tir Langlade\n\n<\/p>\n<div class=\"pvc_clear\"><\/div><p id=\"pvc_stats_232\" class=\"pvc_stats all  \" data-element-id=\"232\" style=\"\"><i class=\"pvc-stats-icon medium\" aria-hidden=\"true\"><svg aria-hidden=\"true\" focusable=\"false\" data-prefix=\"far\" data-icon=\"chart-bar\" role=\"img\" xmlns=\"http:\/\/www.w3.org\/2000\/svg\" viewBox=\"0 0 512 512\" class=\"svg-inline--fa fa-chart-bar fa-w-16 fa-2x\"><path fill=\"currentColor\" d=\"M396.8 352h22.4c6.4 0 12.8-6.4 12.8-12.8V108.8c0-6.4-6.4-12.8-12.8-12.8h-22.4c-6.4 0-12.8 6.4-12.8 12.8v230.4c0 6.4 6.4 12.8 12.8 12.8zm-192 0h22.4c6.4 0 12.8-6.4 12.8-12.8V140.8c0-6.4-6.4-12.8-12.8-12.8h-22.4c-6.4 0-12.8 6.4-12.8 12.8v198.4c0 6.4 6.4 12.8 12.8 12.8zm96 0h22.4c6.4 0 12.8-6.4 12.8-12.8V204.8c0-6.4-6.4-12.8-12.8-12.8h-22.4c-6.4 0-12.8 6.4-12.8 12.8v134.4c0 6.4 6.4 12.8 12.8 12.8zM496 400H48V80c0-8.84-7.16-16-16-16H16C7.16 64 0 71.16 0 80v336c0 17.67 14.33 32 32 32h464c8.84 0 16-7.16 16-16v-16c0-8.84-7.16-16-16-16zm-387.2-48h22.4c6.4 0 12.8-6.4 12.8-12.8v-70.4c0-6.4-6.4-12.8-12.8-12.8h-22.4c-6.4 0-12.8 6.4-12.8 12.8v70.4c0 6.4 6.4 12.8 12.8 12.8z\" class=\"\"><\/path><\/svg><\/i> <img loading=\"lazy\" decoding=\"async\" width=\"16\" height=\"16\" alt=\"Loading\" src=\"https:\/\/stlanglade.fr\/wp-content\/plugins\/page-views-count\/ajax-loader-2x.gif\" border=0 \/><\/p><div class=\"pvc_clear\"><\/div>","protected":false},"excerpt":{"rendered":"<p>Nous remercions tous les b\u00e9n\u00e9voles participants aux journ\u00e9es de travail. Nous rappelons ici, comme inscrit dans le r\u00e8glement int\u00e9rieur que chaque membre de l\u2019association se doit de participer \u00e0 au &hellip; <\/p>\n<p class=\"link-more\"><a href=\"https:\/\/stlanglade.fr\/?page_id=232\" class=\"more-link\">Continuer la lecture<span class=\"screen-reader-text\"> de &laquo;&nbsp;L\u2019entretien et les am\u00e9nagements de notre club.&nbsp;&raquo;<\/span><\/a><\/p>\n<div class=\"pvc_clear\"><\/div>\n<p id=\"pvc_stats_232\" class=\"pvc_stats all  \" data-element-id=\"232\" style=\"\"><i class=\"pvc-stats-icon medium\" aria-hidden=\"true\"><svg aria-hidden=\"true\" focusable=\"false\" data-prefix=\"far\" data-icon=\"chart-bar\" role=\"img\" xmlns=\"http:\/\/www.w3.org\/2000\/svg\" viewBox=\"0 0 512 512\" class=\"svg-inline--fa fa-chart-bar fa-w-16 fa-2x\"><path fill=\"currentColor\" d=\"M396.8 352h22.4c6.4 0 12.8-6.4 12.8-12.8V108.8c0-6.4-6.4-12.8-12.8-12.8h-22.4c-6.4 0-12.8 6.4-12.8 12.8v230.4c0 6.4 6.4 12.8 12.8 12.8zm-192 0h22.4c6.4 0 12.8-6.4 12.8-12.8V140.8c0-6.4-6.4-12.8-12.8-12.8h-22.4c-6.4 0-12.8 6.4-12.8 12.8v198.4c0 6.4 6.4 12.8 12.8 12.8zm96 0h22.4c6.4 0 12.8-6.4 12.8-12.8V204.8c0-6.4-6.4-12.8-12.8-12.8h-22.4c-6.4 0-12.8 6.4-12.8 12.8v134.4c0 6.4 6.4 12.8 12.8 12.8zM496 400H48V80c0-8.84-7.16-16-16-16H16C7.16 64 0 71.16 0 80v336c0 17.67 14.33 32 32 32h464c8.84 0 16-7.16 16-16v-16c0-8.84-7.16-16-16-16zm-387.2-48h22.4c6.4 0 12.8-6.4 12.8-12.8v-70.4c0-6.4-6.4-12.8-12.8-12.8h-22.4c-6.4 0-12.8 6.4-12.8 12.8v70.4c0 6.4 6.4 12.8 12.8 12.8z\" class=\"\"><\/path><\/svg><\/i> <img loading=\"lazy\" decoding=\"async\" width=\"16\" height=\"16\" alt=\"Loading\" src=\"https:\/\/stlanglade.fr\/wp-content\/plugins\/page-views-count\/ajax-loader-2x.gif\" border=0 \/><\/p>\n<div class=\"pvc_clear\"><\/div>\n","protected":false},"author":5,"featured_media":0,"parent":0,"menu_order":0,"comment_status":"closed","ping_status":"closed","template":"","meta":{"footnotes":""},"class_list":["post-232","page","type-page","status-publish","hentry"],"_links":{"self":[{"href":"https:\/\/stlanglade.fr\/index.php?rest_route=\/wp\/v2\/pages\/232","targetHints":{"allow":["GET"]}}],"collection":[{"href":"https:\/\/stlanglade.fr\/index.php?rest_route=\/wp\/v2\/pages"}],"about":[{"href":"https:\/\/stlanglade.fr\/index.php?rest_route=\/wp\/v2\/types\/page"}],"author":[{"embeddable":true,"href":"https:\/\/stlanglade.fr\/index.php?rest_route=\/wp\/v2\/users\/5"}],"replies":[{"embeddable":true,"href":"https:\/\/stlanglade.fr\/index.php?rest_route=%2Fwp%2Fv2%2Fcomments&post=232"}],"version-history":[{"count":4,"href":"https:\/\/stlanglade.fr\/index.php?rest_route=\/wp\/v2\/pages\/232\/revisions"}],"predecessor-version":[{"id":464,"href":"https:\/\/stlanglade.fr\/index.php?rest_route=\/wp\/v2\/pages\/232\/revisions\/464"}],"wp:attachment":[{"href":"https:\/\/stlanglade.fr\/index.php?rest_route=%2Fwp%2Fv2%2Fmedia&parent=232"}],"curies":[{"name":"wp","href":"https:\/\/api.w.org\/{rel}","templated":true}]}}