
{"id":236,"date":"2019-02-20T13:53:41","date_gmt":"2019-02-20T12:53:41","guid":{"rendered":"http:\/\/stlanglade.fr\/?page_id=236"},"modified":"2026-05-11T16:47:13","modified_gmt":"2026-05-11T14:47:13","slug":"le-manuel-de-decouverte-du-tir-fftir","status":"publish","type":"page","link":"https:\/\/stlanglade.fr\/?page_id=236","title":{"rendered":"Le manuel de d\u00e9couverte du tir FFTIR."},"content":{"rendered":"\n<p class=\"has-text-color\" style=\"color:#ffffff;font-size:1px\"> Soci\u00e9t\u00e9 de tir de Langlade Serge Boissier. Club de tir. Stand de Tir Langlade <\/p>\n\n\n\n<p>Le \u00ab Manuel de Tir Sportif \u00bb, est tr\u00e8s r\u00e9guli\u00e8rement enrichi et mis \u00e0 jour par la F\u00e9d\u00e9ration Fran\u00e7aise de Tir.<\/p>\n\n\n\n<p>Il est d\u00e9sormais accessible en trois versions \u00e9lectroniques seulement.<\/p>\n\n\n\n<figure class=\"wp-block-image size-large\"><a href=\"https:\/\/www.fftir.org\/manuel-tir-sportif\/\" target=\"_blank\" rel=\" noreferrer noopener\"><img loading=\"lazy\" decoding=\"async\" width=\"721\" height=\"1024\" src=\"https:\/\/stlanglade.fr\/wp-content\/uploads\/2026\/05\/Capture-decran-2025-12-11-a-10.53.55-721x1024.png\" alt=\"\" class=\"wp-image-1534\" srcset=\"https:\/\/stlanglade.fr\/wp-content\/uploads\/2026\/05\/Capture-decran-2025-12-11-a-10.53.55-721x1024.png 721w, https:\/\/stlanglade.fr\/wp-content\/uploads\/2026\/05\/Capture-decran-2025-12-11-a-10.53.55-211x300.png 211w, https:\/\/stlanglade.fr\/wp-content\/uploads\/2026\/05\/Capture-decran-2025-12-11-a-10.53.55-768x1091.png 768w, https:\/\/stlanglade.fr\/wp-content\/uploads\/2026\/05\/Capture-decran-2025-12-11-a-10.53.55.png 845w\" sizes=\"auto, (max-width: 721px) 100vw, 721px\" \/><\/a><\/figure>\n\n\n\n<p class=\"has-text-align-center\"><a href=\"https:\/\/www.fftir.org\/manuel-tir-sportif\/\" target=\"_blank\" rel=\"noreferrer noopener\">Manuel de Tir Sportif | F\u00e9d\u00e9ration fran\u00e7aise de tir<\/a><\/p>\n\n\n\n<p><\/p>\n\n\n\n<p><\/p>\n\n\n\n<p>D\u00e9couvrez \u00e9galement le nouveau fascicule<strong> \u00ab&nbsp;<a href=\"https:\/\/www.fftir.org\/edition-2022-decouvrir-le-tir-sportif\/\" target=\"_blank\" rel=\"noreferrer noopener\">D\u00e9couvrir le tir sportif&nbsp;<\/a>\u00bb&nbsp;<\/strong><\/p>\n\n\n\n<figure class=\"wp-block-image size-large\"><a href=\"https:\/\/www.fftir.org\/edition-2022-decouvrir-le-tir-sportif\/\" target=\"_blank\" rel=\" noreferrer noopener\"><img loading=\"lazy\" decoding=\"async\" width=\"730\" height=\"1024\" src=\"https:\/\/stlanglade.fr\/wp-content\/uploads\/2026\/05\/Capture-decran-2025-05-16-a-20.05.12-730x1024.jpg\" alt=\"\" class=\"wp-image-1535\" srcset=\"https:\/\/stlanglade.fr\/wp-content\/uploads\/2026\/05\/Capture-decran-2025-05-16-a-20.05.12-730x1024.jpg 730w, https:\/\/stlanglade.fr\/wp-content\/uploads\/2026\/05\/Capture-decran-2025-05-16-a-20.05.12-214x300.jpg 214w, https:\/\/stlanglade.fr\/wp-content\/uploads\/2026\/05\/Capture-decran-2025-05-16-a-20.05.12-768x1077.jpg 768w, https:\/\/stlanglade.fr\/wp-content\/uploads\/2026\/05\/Capture-decran-2025-05-16-a-20.05.12.jpg 856w\" sizes=\"auto, (max-width: 730px) 100vw, 730px\" \/><\/a><figcaption class=\"wp-element-caption\">Screenshot<\/figcaption><\/figure>\n\n\n\n<p><strong>\u00ab&nbsp;D\u00e9couvrir le Tir Sportif&nbsp;\u00bb<\/strong> est un fascicule de 8 pages qui permet de pr\u00e9senter notre F\u00e9d\u00e9ration et ses activit\u00e9s \u00e0 tous ceux qui n\u2019en font pas partie.<\/p>\n\n\n\n<p><\/p>\n\n\n\n<p>Pour compl\u00e9ter cette documentation, la <strong><a href=\"https:\/\/www.fftir.org\/wp-content\/uploads\/2022\/01\/Fiche-institutionnelle-14-01-2022_FR-2.pdf\" target=\"_blank\" rel=\"noreferrer noopener\">Fiche Institutionnelle<\/a><\/strong> est une pr\u00e9sentation administrative recto-verso de notre F\u00e9d\u00e9ration. Elle est tout particuli\u00e8rement destin\u00e9e \u00e0 informer les administrations, les partenaires et les journalistes.<\/p>\n\n\n\n<p><\/p>\n","protected":false},"excerpt":{"rendered":"<p>Soci\u00e9t\u00e9 de tir de Langlade Serge Boissier. Club de tir. Stand de Tir Langlade Le \u00ab Manuel de Tir Sportif \u00bb, est tr\u00e8s r\u00e9guli\u00e8rement enrichi et mis \u00e0 jour par &hellip; <\/p>\n<p class=\"link-more\"><a href=\"https:\/\/stlanglade.fr\/?page_id=236\" class=\"more-link\">Continuer la lecture<span class=\"screen-reader-text\"> de &laquo;&nbsp;Le manuel de d\u00e9couverte du tir FFTIR.&nbsp;&raquo;<\/span><\/a><\/p>\n","protected":false},"author":5,"featured_media":0,"parent":0,"menu_order":0,"comment_status":"closed","ping_status":"closed","template":"","meta":{"footnotes":""},"class_list":["post-236","page","type-page","status-publish","hentry"],"a3_pvc":{"activated":false,"total_views":3198,"today_views":0},"_links":{"self":[{"href":"https:\/\/stlanglade.fr\/index.php?rest_route=\/wp\/v2\/pages\/236","targetHints":{"allow":["GET"]}}],"collection":[{"href":"https:\/\/stlanglade.fr\/index.php?rest_route=\/wp\/v2\/pages"}],"about":[{"href":"https:\/\/stlanglade.fr\/index.php?rest_route=\/wp\/v2\/types\/page"}],"author":[{"embeddable":true,"href":"https:\/\/stlanglade.fr\/index.php?rest_route=\/wp\/v2\/users\/5"}],"replies":[{"embeddable":true,"href":"https:\/\/stlanglade.fr\/index.php?rest_route=%2Fwp%2Fv2%2Fcomments&post=236"}],"version-history":[{"count":13,"href":"https:\/\/stlanglade.fr\/index.php?rest_route=\/wp\/v2\/pages\/236\/revisions"}],"predecessor-version":[{"id":1541,"href":"https:\/\/stlanglade.fr\/index.php?rest_route=\/wp\/v2\/pages\/236\/revisions\/1541"}],"wp:attachment":[{"href":"https:\/\/stlanglade.fr\/index.php?rest_route=%2Fwp%2Fv2%2Fmedia&parent=236"}],"curies":[{"name":"wp","href":"https:\/\/api.w.org\/{rel}","templated":true}]}}