
{"id":240,"date":"2019-02-20T15:07:50","date_gmt":"2019-02-20T14:07:50","guid":{"rendered":"http:\/\/stlanglade.fr\/?page_id=240"},"modified":"2019-03-09T08:38:12","modified_gmt":"2019-03-09T07:38:12","slug":"sites-partenaires","status":"publish","type":"page","link":"https:\/\/stlanglade.fr\/?page_id=240","title":{"rendered":"Sites partenaires"},"content":{"rendered":"\n<div class=\"wp-block-image\"><figure class=\"aligncenter\"><a href=\"http:\/\/www.langlade.fr\/\" target=\"_blank\" rel=\"noreferrer noopener\"><img loading=\"lazy\" decoding=\"async\" width=\"225\" height=\"225\" src=\"https:\/\/stlanglade.fr\/wp-content\/uploads\/2019\/03\/logo-ville-de-langlade.jpg\" alt=\"\" class=\"wp-image-479\" srcset=\"https:\/\/stlanglade.fr\/wp-content\/uploads\/2019\/03\/logo-ville-de-langlade.jpg 225w, https:\/\/stlanglade.fr\/wp-content\/uploads\/2019\/03\/logo-ville-de-langlade-150x150.jpg 150w, https:\/\/stlanglade.fr\/wp-content\/uploads\/2019\/03\/logo-ville-de-langlade-60x60.jpg 60w, https:\/\/stlanglade.fr\/wp-content\/uploads\/2019\/03\/logo-ville-de-langlade-100x100.jpg 100w\" sizes=\"auto, (max-width: 225px) 100vw, 225px\" \/><\/a><\/figure><\/div>\n\n\n\n<p style=\"text-align:center\"> <br><a href=\"http:\/\/www.langlade.fr\/\">Ville de Langlade<\/a> <br><\/p>\n\n\n\n<div class=\"wp-block-image\"><figure class=\"aligncenter is-resized\"><a href=\"https:\/\/www.fftir.org\/fr\/accueil\" target=\"_blank\" rel=\"noreferrer noopener\"><img loading=\"lazy\" decoding=\"async\" src=\"https:\/\/stlanglade.fr\/wp-content\/uploads\/2019\/03\/logo-fftir-1024x654.png\" alt=\"\" class=\"wp-image-480\" width=\"256\" height=\"164\" srcset=\"https:\/\/stlanglade.fr\/wp-content\/uploads\/2019\/03\/logo-fftir-1024x654.png 1024w, https:\/\/stlanglade.fr\/wp-content\/uploads\/2019\/03\/logo-fftir-300x192.png 300w, https:\/\/stlanglade.fr\/wp-content\/uploads\/2019\/03\/logo-fftir-768x491.png 768w, https:\/\/stlanglade.fr\/wp-content\/uploads\/2019\/03\/logo-fftir.png 1280w\" sizes=\"auto, (max-width: 256px) 100vw, 256px\" \/><\/a><\/figure><\/div>\n\n\n\n<p style=\"text-align:center\"><a href=\"https:\/\/www.fftir.org\/fr\/accueil\">F\u00e9d\u00e9ration Fran\u00e7aise de Tir<\/a> <\/p>\n\n\n\n<div class=\"wp-block-image\"><figure class=\"aligncenter\"><a href=\"http:\/\/www.ligue-de-tir-languedoc-roussillon.com\/\" target=\"_blank\" rel=\"noreferrer noopener\"><img loading=\"lazy\" decoding=\"async\" width=\"150\" height=\"190\" src=\"https:\/\/stlanglade.fr\/wp-content\/uploads\/2019\/03\/logo-fftir-languedoc-rousillon-1.gif\" alt=\"\" class=\"wp-image-482\"\/><\/a><\/figure><\/div>\n\n\n\n<p style=\"text-align:center\"><a href=\"http:\/\/www.ligue-de-tir-languedoc-roussillon.com\/\">Ligue Languedoc Roussillon FFTIR<\/a> <\/p>\n\n\n\n<p style=\"color:#ffffff;font-size:1px\" class=\"has-text-color\">\n\nSoci\u00e9t\u00e9 de tir de Langlade Serge Boissier. Club de tir. Stand de Tir Langlade\n\n<\/p>\n<div class=\"pvc_clear\"><\/div><p id=\"pvc_stats_240\" class=\"pvc_stats all  \" data-element-id=\"240\" style=\"\"><i class=\"pvc-stats-icon medium\" aria-hidden=\"true\"><svg aria-hidden=\"true\" focusable=\"false\" data-prefix=\"far\" data-icon=\"chart-bar\" role=\"img\" xmlns=\"http:\/\/www.w3.org\/2000\/svg\" viewBox=\"0 0 512 512\" class=\"svg-inline--fa fa-chart-bar fa-w-16 fa-2x\"><path fill=\"currentColor\" d=\"M396.8 352h22.4c6.4 0 12.8-6.4 12.8-12.8V108.8c0-6.4-6.4-12.8-12.8-12.8h-22.4c-6.4 0-12.8 6.4-12.8 12.8v230.4c0 6.4 6.4 12.8 12.8 12.8zm-192 0h22.4c6.4 0 12.8-6.4 12.8-12.8V140.8c0-6.4-6.4-12.8-12.8-12.8h-22.4c-6.4 0-12.8 6.4-12.8 12.8v198.4c0 6.4 6.4 12.8 12.8 12.8zm96 0h22.4c6.4 0 12.8-6.4 12.8-12.8V204.8c0-6.4-6.4-12.8-12.8-12.8h-22.4c-6.4 0-12.8 6.4-12.8 12.8v134.4c0 6.4 6.4 12.8 12.8 12.8zM496 400H48V80c0-8.84-7.16-16-16-16H16C7.16 64 0 71.16 0 80v336c0 17.67 14.33 32 32 32h464c8.84 0 16-7.16 16-16v-16c0-8.84-7.16-16-16-16zm-387.2-48h22.4c6.4 0 12.8-6.4 12.8-12.8v-70.4c0-6.4-6.4-12.8-12.8-12.8h-22.4c-6.4 0-12.8 6.4-12.8 12.8v70.4c0 6.4 6.4 12.8 12.8 12.8z\" class=\"\"><\/path><\/svg><\/i> <img loading=\"lazy\" decoding=\"async\" width=\"16\" height=\"16\" alt=\"Loading\" src=\"https:\/\/stlanglade.fr\/wp-content\/plugins\/page-views-count\/ajax-loader-2x.gif\" border=0 \/><\/p><div class=\"pvc_clear\"><\/div>","protected":false},"excerpt":{"rendered":"<p>Ville de Langlade F\u00e9d\u00e9ration Fran\u00e7aise de Tir Ligue Languedoc Roussillon FFTIR Soci\u00e9t\u00e9 de tir de Langlade Serge Boissier. Club de tir. Stand de Tir Langlade<\/p>\n<div class=\"pvc_clear\"><\/div>\n<p id=\"pvc_stats_240\" class=\"pvc_stats all  \" data-element-id=\"240\" style=\"\"><i class=\"pvc-stats-icon medium\" aria-hidden=\"true\"><svg aria-hidden=\"true\" focusable=\"false\" data-prefix=\"far\" data-icon=\"chart-bar\" role=\"img\" xmlns=\"http:\/\/www.w3.org\/2000\/svg\" viewBox=\"0 0 512 512\" class=\"svg-inline--fa fa-chart-bar fa-w-16 fa-2x\"><path fill=\"currentColor\" d=\"M396.8 352h22.4c6.4 0 12.8-6.4 12.8-12.8V108.8c0-6.4-6.4-12.8-12.8-12.8h-22.4c-6.4 0-12.8 6.4-12.8 12.8v230.4c0 6.4 6.4 12.8 12.8 12.8zm-192 0h22.4c6.4 0 12.8-6.4 12.8-12.8V140.8c0-6.4-6.4-12.8-12.8-12.8h-22.4c-6.4 0-12.8 6.4-12.8 12.8v198.4c0 6.4 6.4 12.8 12.8 12.8zm96 0h22.4c6.4 0 12.8-6.4 12.8-12.8V204.8c0-6.4-6.4-12.8-12.8-12.8h-22.4c-6.4 0-12.8 6.4-12.8 12.8v134.4c0 6.4 6.4 12.8 12.8 12.8zM496 400H48V80c0-8.84-7.16-16-16-16H16C7.16 64 0 71.16 0 80v336c0 17.67 14.33 32 32 32h464c8.84 0 16-7.16 16-16v-16c0-8.84-7.16-16-16-16zm-387.2-48h22.4c6.4 0 12.8-6.4 12.8-12.8v-70.4c0-6.4-6.4-12.8-12.8-12.8h-22.4c-6.4 0-12.8 6.4-12.8 12.8v70.4c0 6.4 6.4 12.8 12.8 12.8z\" class=\"\"><\/path><\/svg><\/i> <img loading=\"lazy\" decoding=\"async\" width=\"16\" height=\"16\" alt=\"Loading\" src=\"https:\/\/stlanglade.fr\/wp-content\/plugins\/page-views-count\/ajax-loader-2x.gif\" border=0 \/><\/p>\n<div class=\"pvc_clear\"><\/div>\n","protected":false},"author":5,"featured_media":0,"parent":0,"menu_order":0,"comment_status":"closed","ping_status":"closed","template":"","meta":{"footnotes":""},"class_list":["post-240","page","type-page","status-publish","hentry"],"_links":{"self":[{"href":"https:\/\/stlanglade.fr\/index.php?rest_route=\/wp\/v2\/pages\/240","targetHints":{"allow":["GET"]}}],"collection":[{"href":"https:\/\/stlanglade.fr\/index.php?rest_route=\/wp\/v2\/pages"}],"about":[{"href":"https:\/\/stlanglade.fr\/index.php?rest_route=\/wp\/v2\/types\/page"}],"author":[{"embeddable":true,"href":"https:\/\/stlanglade.fr\/index.php?rest_route=\/wp\/v2\/users\/5"}],"replies":[{"embeddable":true,"href":"https:\/\/stlanglade.fr\/index.php?rest_route=%2Fwp%2Fv2%2Fcomments&post=240"}],"version-history":[{"count":8,"href":"https:\/\/stlanglade.fr\/index.php?rest_route=\/wp\/v2\/pages\/240\/revisions"}],"predecessor-version":[{"id":493,"href":"https:\/\/stlanglade.fr\/index.php?rest_route=\/wp\/v2\/pages\/240\/revisions\/493"}],"wp:attachment":[{"href":"https:\/\/stlanglade.fr\/index.php?rest_route=%2Fwp%2Fv2%2Fmedia&parent=240"}],"curies":[{"name":"wp","href":"https:\/\/api.w.org\/{rel}","templated":true}]}}