
{"id":352,"date":"2019-02-24T11:51:15","date_gmt":"2019-02-24T10:51:15","guid":{"rendered":"http:\/\/stlanglade.fr\/?page_id=352"},"modified":"2026-05-08T22:38:27","modified_gmt":"2026-05-08T20:38:27","slug":"horaires","status":"publish","type":"page","link":"https:\/\/stlanglade.fr\/?page_id=352","title":{"rendered":"Horaires"},"content":{"rendered":"\n<ul class=\"wp-block-list\"><li><strong>Hiver : <\/strong>9h-17h30 tous les jours<\/li><li><strong>\u00c9t\u00e9 : <\/strong>9h &#8211; 19h tous les jours sauf:<ul><li>du 15 juin au 15 septembre fermeture le Weekend de 12h \u00e0 14h.<\/li><\/ul><\/li><\/ul>\n\n\n\n<p>NB : Le changement d&rsquo;horaire \u00e9t\u00e9\/hiver est le m\u00eame jour que le changement heure d&rsquo;\u00e9t\u00e9\/d&rsquo;hiver.<\/p>\n\n\n\n<p><\/p>\n\n\n\n<p class=\"has-text-color\" style=\"color:#ffffff;font-size:1px\">\n\nSoci\u00e9t\u00e9 de tir de Langlade Serge Boissier. Club de tir. Stand de Tir Langlade\n\n<\/p>\n","protected":false},"excerpt":{"rendered":"<p>Hiver : 9h-17h30 tous les jours \u00c9t\u00e9 : 9h &#8211; 19h tous les jours sauf: du 15 juin au 15 septembre fermeture le Weekend de 12h \u00e0 14h. NB : &hellip; <\/p>\n<p class=\"link-more\"><a href=\"https:\/\/stlanglade.fr\/?page_id=352\" class=\"more-link\">Continuer la lecture<span class=\"screen-reader-text\"> de &laquo;&nbsp;Horaires&nbsp;&raquo;<\/span><\/a><\/p>\n","protected":false},"author":5,"featured_media":0,"parent":0,"menu_order":0,"comment_status":"closed","ping_status":"closed","template":"","meta":{"footnotes":""},"class_list":["post-352","page","type-page","status-publish","hentry"],"a3_pvc":{"activated":false,"total_views":4521,"today_views":0},"_links":{"self":[{"href":"https:\/\/stlanglade.fr\/index.php?rest_route=\/wp\/v2\/pages\/352","targetHints":{"allow":["GET"]}}],"collection":[{"href":"https:\/\/stlanglade.fr\/index.php?rest_route=\/wp\/v2\/pages"}],"about":[{"href":"https:\/\/stlanglade.fr\/index.php?rest_route=\/wp\/v2\/types\/page"}],"author":[{"embeddable":true,"href":"https:\/\/stlanglade.fr\/index.php?rest_route=\/wp\/v2\/users\/5"}],"replies":[{"embeddable":true,"href":"https:\/\/stlanglade.fr\/index.php?rest_route=%2Fwp%2Fv2%2Fcomments&post=352"}],"version-history":[{"count":7,"href":"https:\/\/stlanglade.fr\/index.php?rest_route=\/wp\/v2\/pages\/352\/revisions"}],"predecessor-version":[{"id":951,"href":"https:\/\/stlanglade.fr\/index.php?rest_route=\/wp\/v2\/pages\/352\/revisions\/951"}],"wp:attachment":[{"href":"https:\/\/stlanglade.fr\/index.php?rest_route=%2Fwp%2Fv2%2Fmedia&parent=352"}],"curies":[{"name":"wp","href":"https:\/\/api.w.org\/{rel}","templated":true}]}}